{"id":895,"date":"2023-09-03T12:57:36","date_gmt":"2023-09-03T10:57:36","guid":{"rendered":"https:\/\/www.etna.ens.fr\/?page_id=895"},"modified":"2023-09-03T12:57:36","modified_gmt":"2023-09-03T10:57:36","slug":"participants","status":"publish","type":"page","link":"https:\/\/www.amsterre.ens.fr\/en\/volcens-2023\/participants\/","title":{"rendered":"Participants"},"content":{"rendered":"<p>Simon Buff\u00e9ral (doctorant, G\u00e9osciences, ENS-PSL)<\/p>\n<p>Ersilia Fiore (doctorante, Histoire, Universit\u00e9 Frederic II)<\/p>\n<p>Mah-Fanta Bagayoko (Histoire de l&#8217;Art, Sorbonne Universit\u00e9)<\/p>\n<p>Nelly Bergounhon (G\u00e9osciences, ENS-PSL)<\/p>\n<p>Lucie Boucher (G\u00e9osciences, ENS-PSL)<\/p>\n<p>Vincent Buggia (G\u00e9osciences, ENS-PSL)<\/p>\n<p>Bastien Brisorgueil (G\u00e9osciences, Sorbonne Universit\u00e9)<\/p>\n<p>Lise Chantelauze (G\u00e9osciences, ENS-PSL)<\/p>\n<p>Romain Delaunay (Math\u00e9matiques, ENS-Saclay)<\/p>\n<p>Madeleine De Longeaux (Histoire, ENS-PSL)<\/p>\n<p>Gabriel Genelot (G\u00e9ographie, ENS-PSL)<\/p>\n<p>Chlo\u00e9 Marteil (Philo-Histoire, \u00e9cole Polytechnique)<\/p>\n<p>Nelly-Wangue Moussissa (G\u00e9osciences, ENS-PSL)<\/p>\n<p>Enzo Moreau (Ing\u00e9nieur, \u00e9cole Polytechnique)<\/p>\n<p>Hannah Policar (G\u00e9osciences, ENS-PSL)<\/p>\n<p>&nbsp;<\/p>\n","protected":false},"excerpt":{"rendered":"<p>Simon Buff\u00e9ral (doctorant, G\u00e9osciences, ENS-PSL) Ersilia Fiore (doctorante, Histoire, Universit\u00e9 Frederic II) Mah-Fanta Bagayoko (Histoire de l&#8217;Art, Sorbonne Universit\u00e9) Nelly Bergounhon (G\u00e9osciences, ENS-PSL) Lucie Boucher (G\u00e9osciences, ENS-PSL) Vincent Buggia (G\u00e9osciences, ENS-PSL) Bastien Brisorgueil (G\u00e9osciences, Sorbonne Universit\u00e9) Lise Chantelauze (G\u00e9osciences, ENS-PSL) Romain Delaunay (Math\u00e9matiques, ENS-Saclay) Madeleine De Longeaux (Histoire, ENS-PSL) Gabriel Genelot (G\u00e9ographie, ENS-PSL) Chlo\u00e9 Marteil [&hellip;]<\/p>\n","protected":false},"author":16,"featured_media":0,"parent":871,"menu_order":0,"comment_status":"closed","ping_status":"closed","template":"","meta":{"footnotes":""},"class_list":["post-895","page","type-page","status-publish","hentry"],"_links":{"self":[{"href":"https:\/\/www.amsterre.ens.fr\/en\/wp-json\/wp\/v2\/pages\/895","targetHints":{"allow":["GET"]}}],"collection":[{"href":"https:\/\/www.amsterre.ens.fr\/en\/wp-json\/wp\/v2\/pages"}],"about":[{"href":"https:\/\/www.amsterre.ens.fr\/en\/wp-json\/wp\/v2\/types\/page"}],"author":[{"embeddable":true,"href":"https:\/\/www.amsterre.ens.fr\/en\/wp-json\/wp\/v2\/users\/16"}],"replies":[{"embeddable":true,"href":"https:\/\/www.amsterre.ens.fr\/en\/wp-json\/wp\/v2\/comments?post=895"}],"version-history":[{"count":1,"href":"https:\/\/www.amsterre.ens.fr\/en\/wp-json\/wp\/v2\/pages\/895\/revisions"}],"predecessor-version":[{"id":896,"href":"https:\/\/www.amsterre.ens.fr\/en\/wp-json\/wp\/v2\/pages\/895\/revisions\/896"}],"up":[{"embeddable":true,"href":"https:\/\/www.amsterre.ens.fr\/en\/wp-json\/wp\/v2\/pages\/871"}],"wp:attachment":[{"href":"https:\/\/www.amsterre.ens.fr\/en\/wp-json\/wp\/v2\/media?parent=895"}],"curies":[{"name":"wp","href":"https:\/\/api.w.org\/{rel}","templated":true}]}}